{"id":2,"date":"2020-01-20T20:52:22","date_gmt":"2020-01-20T20:52:22","guid":{"rendered":"https:\/\/morski-lavovi.hr\/?page_id=2"},"modified":"2020-08-31T19:35:16","modified_gmt":"2020-08-31T19:35:16","slug":"sample-page","status":"publish","type":"page","link":"https:\/\/morski-lavovi.hr\/index.php\/sample-page\/","title":{"rendered":"TRANSFERI"},"content":{"rendered":"\n<blockquote class=\"wp-block-quote is-layout-flow wp-block-quote-is-layout-flow\"><p>Nudimo transfere na destinacije:<\/p><p>SPLIT zra\u010dna luka &#8211; Hvar, Vis, Bra\u010d, Kor\u010dula <\/p><p>SPLIT grad &#8211;  Hvar, Vis, Bra\u010d, Kor\u010dula  <\/p><p>Po \u017eelji i dogovoru na destinacije prema izboru klijenta<\/p><\/blockquote>\n","protected":false},"excerpt":{"rendered":"<p>Nudimo transfere na destinacije: SPLIT zra\u010dna luka &#8211; Hvar, Vis, Bra\u010d, Kor\u010dula SPLIT grad &#8211; Hvar, Vis, Bra\u010d, Kor\u010dula Po \u017eelji i dogovoru na destinacije prema izboru klijenta<\/p>\n","protected":false},"author":1,"featured_media":0,"parent":0,"menu_order":0,"comment_status":"closed","ping_status":"open","template":"","meta":{"footnotes":""},"yoast_head":"<!-- This site is optimized with the Yoast SEO plugin v24.5 - https:\/\/yoast.com\/wordpress\/plugins\/seo\/ -->\n<title>TRANSFERI - MORSKI LAVOVI<\/title>\n<meta name=\"robots\" content=\"index, follow, max-snippet:-1, max-image-preview:large, max-video-preview:-1\" \/>\n<link rel=\"canonical\" href=\"https:\/\/morski-lavovi.hr\/index.php\/sample-page\/\" \/>\n<meta property=\"og:locale\" content=\"hr_HR\" \/>\n<meta property=\"og:type\" content=\"article\" \/>\n<meta property=\"og:title\" content=\"TRANSFERI - MORSKI LAVOVI\" \/>\n<meta property=\"og:description\" content=\"Nudimo transfere na destinacije: SPLIT zra\u010dna luka &#8211; Hvar, Vis, Bra\u010d, Kor\u010dula SPLIT grad &#8211; Hvar, Vis, Bra\u010d, Kor\u010dula Po \u017eelji i dogovoru na destinacije prema izboru klijenta\" \/>\n<meta property=\"og:url\" content=\"https:\/\/morski-lavovi.hr\/index.php\/sample-page\/\" \/>\n<meta property=\"og:site_name\" content=\"MORSKI LAVOVI\" \/>\n<meta property=\"article:modified_time\" content=\"2020-08-31T19:35:16+00:00\" \/>\n<meta name=\"twitter:card\" content=\"summary_large_image\" \/>\n<script type=\"application\/ld+json\" class=\"yoast-schema-graph\">{\"@context\":\"https:\/\/schema.org\",\"@graph\":[{\"@type\":\"WebPage\",\"@id\":\"https:\/\/morski-lavovi.hr\/index.php\/sample-page\/\",\"url\":\"https:\/\/morski-lavovi.hr\/index.php\/sample-page\/\",\"name\":\"TRANSFERI - MORSKI LAVOVI\",\"isPartOf\":{\"@id\":\"https:\/\/morski-lavovi.hr\/#website\"},\"datePublished\":\"2020-01-20T20:52:22+00:00\",\"dateModified\":\"2020-08-31T19:35:16+00:00\",\"breadcrumb\":{\"@id\":\"https:\/\/morski-lavovi.hr\/index.php\/sample-page\/#breadcrumb\"},\"inLanguage\":\"hr\",\"potentialAction\":[{\"@type\":\"ReadAction\",\"target\":[\"https:\/\/morski-lavovi.hr\/index.php\/sample-page\/\"]}]},{\"@type\":\"BreadcrumbList\",\"@id\":\"https:\/\/morski-lavovi.hr\/index.php\/sample-page\/#breadcrumb\",\"itemListElement\":[{\"@type\":\"ListItem\",\"position\":1,\"name\":\"Home\",\"item\":\"http:\/\/morski-lavovi.hr\/\"},{\"@type\":\"ListItem\",\"position\":2,\"name\":\"TRANSFERI\"}]},{\"@type\":\"WebSite\",\"@id\":\"https:\/\/morski-lavovi.hr\/#website\",\"url\":\"https:\/\/morski-lavovi.hr\/\",\"name\":\"MORSKI LAVOVI\",\"description\":\"\",\"publisher\":{\"@id\":\"https:\/\/morski-lavovi.hr\/#organization\"},\"potentialAction\":[{\"@type\":\"SearchAction\",\"target\":{\"@type\":\"EntryPoint\",\"urlTemplate\":\"https:\/\/morski-lavovi.hr\/?s={search_term_string}\"},\"query-input\":{\"@type\":\"PropertyValueSpecification\",\"valueRequired\":true,\"valueName\":\"search_term_string\"}}],\"inLanguage\":\"hr\"},{\"@type\":\"Organization\",\"@id\":\"https:\/\/morski-lavovi.hr\/#organization\",\"name\":\"MORSKI LAVOVI\",\"url\":\"https:\/\/morski-lavovi.hr\/\",\"logo\":{\"@type\":\"ImageObject\",\"inLanguage\":\"hr\",\"@id\":\"https:\/\/morski-lavovi.hr\/#\/schema\/logo\/image\/\",\"url\":\"https:\/\/morski-lavovi.hr\/wp-content\/uploads\/2020\/01\/cropped-ml.jpg\",\"contentUrl\":\"https:\/\/morski-lavovi.hr\/wp-content\/uploads\/2020\/01\/cropped-ml.jpg\",\"width\":1006,\"height\":668,\"caption\":\"MORSKI LAVOVI\"},\"image\":{\"@id\":\"https:\/\/morski-lavovi.hr\/#\/schema\/logo\/image\/\"},\"sameAs\":[\"https:\/\/instagram.com\/speedboatsplit?igshid=5xokfa97x40x\"]}]}<\/script>\n<!-- \/ Yoast SEO plugin. -->","yoast_head_json":{"title":"TRANSFERI - MORSKI LAVOVI","robots":{"index":"index","follow":"follow","max-snippet":"max-snippet:-1","max-image-preview":"max-image-preview:large","max-video-preview":"max-video-preview:-1"},"canonical":"https:\/\/morski-lavovi.hr\/index.php\/sample-page\/","og_locale":"hr_HR","og_type":"article","og_title":"TRANSFERI - MORSKI LAVOVI","og_description":"Nudimo transfere na destinacije: SPLIT zra\u010dna luka &#8211; Hvar, Vis, Bra\u010d, Kor\u010dula SPLIT grad &#8211; Hvar, Vis, Bra\u010d, Kor\u010dula Po \u017eelji i dogovoru na destinacije prema izboru klijenta","og_url":"https:\/\/morski-lavovi.hr\/index.php\/sample-page\/","og_site_name":"MORSKI LAVOVI","article_modified_time":"2020-08-31T19:35:16+00:00","twitter_card":"summary_large_image","schema":{"@context":"https:\/\/schema.org","@graph":[{"@type":"WebPage","@id":"https:\/\/morski-lavovi.hr\/index.php\/sample-page\/","url":"https:\/\/morski-lavovi.hr\/index.php\/sample-page\/","name":"TRANSFERI - MORSKI LAVOVI","isPartOf":{"@id":"https:\/\/morski-lavovi.hr\/#website"},"datePublished":"2020-01-20T20:52:22+00:00","dateModified":"2020-08-31T19:35:16+00:00","breadcrumb":{"@id":"https:\/\/morski-lavovi.hr\/index.php\/sample-page\/#breadcrumb"},"inLanguage":"hr","potentialAction":[{"@type":"ReadAction","target":["https:\/\/morski-lavovi.hr\/index.php\/sample-page\/"]}]},{"@type":"BreadcrumbList","@id":"https:\/\/morski-lavovi.hr\/index.php\/sample-page\/#breadcrumb","itemListElement":[{"@type":"ListItem","position":1,"name":"Home","item":"http:\/\/morski-lavovi.hr\/"},{"@type":"ListItem","position":2,"name":"TRANSFERI"}]},{"@type":"WebSite","@id":"https:\/\/morski-lavovi.hr\/#website","url":"https:\/\/morski-lavovi.hr\/","name":"MORSKI LAVOVI","description":"","publisher":{"@id":"https:\/\/morski-lavovi.hr\/#organization"},"potentialAction":[{"@type":"SearchAction","target":{"@type":"EntryPoint","urlTemplate":"https:\/\/morski-lavovi.hr\/?s={search_term_string}"},"query-input":{"@type":"PropertyValueSpecification","valueRequired":true,"valueName":"search_term_string"}}],"inLanguage":"hr"},{"@type":"Organization","@id":"https:\/\/morski-lavovi.hr\/#organization","name":"MORSKI LAVOVI","url":"https:\/\/morski-lavovi.hr\/","logo":{"@type":"ImageObject","inLanguage":"hr","@id":"https:\/\/morski-lavovi.hr\/#\/schema\/logo\/image\/","url":"https:\/\/morski-lavovi.hr\/wp-content\/uploads\/2020\/01\/cropped-ml.jpg","contentUrl":"https:\/\/morski-lavovi.hr\/wp-content\/uploads\/2020\/01\/cropped-ml.jpg","width":1006,"height":668,"caption":"MORSKI LAVOVI"},"image":{"@id":"https:\/\/morski-lavovi.hr\/#\/schema\/logo\/image\/"},"sameAs":["https:\/\/instagram.com\/speedboatsplit?igshid=5xokfa97x40x"]}]}},"_links":{"self":[{"href":"https:\/\/morski-lavovi.hr\/index.php\/wp-json\/wp\/v2\/pages\/2"}],"collection":[{"href":"https:\/\/morski-lavovi.hr\/index.php\/wp-json\/wp\/v2\/pages"}],"about":[{"href":"https:\/\/morski-lavovi.hr\/index.php\/wp-json\/wp\/v2\/types\/page"}],"author":[{"embeddable":true,"href":"https:\/\/morski-lavovi.hr\/index.php\/wp-json\/wp\/v2\/users\/1"}],"replies":[{"embeddable":true,"href":"https:\/\/morski-lavovi.hr\/index.php\/wp-json\/wp\/v2\/comments?post=2"}],"version-history":[{"count":3,"href":"https:\/\/morski-lavovi.hr\/index.php\/wp-json\/wp\/v2\/pages\/2\/revisions"}],"predecessor-version":[{"id":265,"href":"https:\/\/morski-lavovi.hr\/index.php\/wp-json\/wp\/v2\/pages\/2\/revisions\/265"}],"wp:attachment":[{"href":"https:\/\/morski-lavovi.hr\/index.php\/wp-json\/wp\/v2\/media?parent=2"}],"curies":[{"name":"wp","href":"https:\/\/api.w.org\/{rel}","templated":true}]}}