{"id":305,"date":"2020-06-14T15:37:55","date_gmt":"2020-06-14T15:37:55","guid":{"rendered":"https:\/\/morski-lavovi.hr\/?page_id=305"},"modified":"2020-08-31T19:25:19","modified_gmt":"2020-08-31T19:25:19","slug":"about-us","status":"publish","type":"page","link":"https:\/\/morski-lavovi.hr\/index.php\/en\/about-us\/","title":{"rendered":"About us"},"content":{"rendered":"\n<figure class=\"wp-block-gallery columns-3 is-cropped wp-block-gallery-1 is-layout-flex wp-block-gallery-is-layout-flex\"><ul class=\"blocks-gallery-grid\"><li class=\"blocks-gallery-item\"><figure><img loading=\"lazy\" decoding=\"async\" width=\"768\" height=\"1024\" src=\"https:\/\/morski-lavovi.hr\/wp-content\/uploads\/2020\/01\/IMG_20190706_151317-768x1024.jpg\" alt=\"\" data-id=\"98\" data-full-url=\"https:\/\/morski-lavovi.hr\/wp-content\/uploads\/2020\/01\/IMG_20190706_151317.jpg\" data-link=\"https:\/\/morski-lavovi.hr\/index.php\/about\/img_20190706_151317\/#main\" class=\"wp-image-98\" srcset=\"https:\/\/morski-lavovi.hr\/wp-content\/uploads\/2020\/01\/IMG_20190706_151317-768x1024.jpg 768w, https:\/\/morski-lavovi.hr\/wp-content\/uploads\/2020\/01\/IMG_20190706_151317-225x300.jpg 225w, https:\/\/morski-lavovi.hr\/wp-content\/uploads\/2020\/01\/IMG_20190706_151317-1152x1536.jpg 1152w, https:\/\/morski-lavovi.hr\/wp-content\/uploads\/2020\/01\/IMG_20190706_151317-1536x2048.jpg 1536w, https:\/\/morski-lavovi.hr\/wp-content\/uploads\/2020\/01\/IMG_20190706_151317.jpg 1920w\" sizes=\"(max-width: 768px) 100vw, 768px\" \/><\/figure><\/li><li class=\"blocks-gallery-item\"><figure><img loading=\"lazy\" decoding=\"async\" width=\"1024\" height=\"768\" src=\"https:\/\/morski-lavovi.hr\/wp-content\/uploads\/2020\/01\/PHOTO-2020-01-23-15-30-02_2-1024x768.jpg\" alt=\"\" data-id=\"139\" data-full-url=\"https:\/\/morski-lavovi.hr\/wp-content\/uploads\/2020\/01\/PHOTO-2020-01-23-15-30-02_2.jpg\" data-link=\"https:\/\/morski-lavovi.hr\/photo-2020-01-23-15-30-02_2\/\" class=\"wp-image-139\" srcset=\"https:\/\/morski-lavovi.hr\/wp-content\/uploads\/2020\/01\/PHOTO-2020-01-23-15-30-02_2-1024x768.jpg 1024w, https:\/\/morski-lavovi.hr\/wp-content\/uploads\/2020\/01\/PHOTO-2020-01-23-15-30-02_2-300x225.jpg 300w, https:\/\/morski-lavovi.hr\/wp-content\/uploads\/2020\/01\/PHOTO-2020-01-23-15-30-02_2-768x576.jpg 768w, https:\/\/morski-lavovi.hr\/wp-content\/uploads\/2020\/01\/PHOTO-2020-01-23-15-30-02_2-1536x1152.jpg 1536w, https:\/\/morski-lavovi.hr\/wp-content\/uploads\/2020\/01\/PHOTO-2020-01-23-15-30-02_2.jpg 1600w\" sizes=\"(max-width: 1024px) 100vw, 1024px\" \/><\/figure><\/li><li class=\"blocks-gallery-item\"><figure><img loading=\"lazy\" decoding=\"async\" width=\"1024\" height=\"768\" src=\"https:\/\/morski-lavovi.hr\/wp-content\/uploads\/2020\/01\/IMG_20190706_193435-1024x768.jpg\" alt=\"\" data-id=\"97\" data-full-url=\"https:\/\/morski-lavovi.hr\/wp-content\/uploads\/2020\/01\/IMG_20190706_193435-scaled.jpg\" data-link=\"https:\/\/morski-lavovi.hr\/index.php\/about\/img_20190706_193435\/#main\" class=\"wp-image-97\" srcset=\"https:\/\/morski-lavovi.hr\/wp-content\/uploads\/2020\/01\/IMG_20190706_193435-1024x768.jpg 1024w, https:\/\/morski-lavovi.hr\/wp-content\/uploads\/2020\/01\/IMG_20190706_193435-300x225.jpg 300w, https:\/\/morski-lavovi.hr\/wp-content\/uploads\/2020\/01\/IMG_20190706_193435-768x576.jpg 768w, https:\/\/morski-lavovi.hr\/wp-content\/uploads\/2020\/01\/IMG_20190706_193435-1536x1152.jpg 1536w, https:\/\/morski-lavovi.hr\/wp-content\/uploads\/2020\/01\/IMG_20190706_193435-2048x1536.jpg 2048w\" sizes=\"(max-width: 1024px) 100vw, 1024px\" \/><\/figure><\/li><\/ul><\/figure>\n\n\n\n<p class=\"has-text-color has-background\" style=\"background-color:#8dfcfc;color:#002ea3\">The sea lions are Sre\u0107ko Godinovi\u0107 and his crew. Sre\u0107ko is an experienced sailor, fluent in English and Italian. Many years of experience on overseas ships, but also in sailing on the Adriatic, makes him a reliable commander, but also a person who, with his extensive experience and sociability, gives a special friendly stamp to sailing and the time you spend together. We will do our best to make your time with us an unforgettable memory.<\/p>\n","protected":false},"excerpt":{"rendered":"<p>The sea lions are Sre\u0107ko Godinovi\u0107 and his crew. Sre\u0107ko is an experienced sailor, fluent in English and Italian. Many years of experience on overseas ships, but also in sailing on the Adriatic, makes him a reliable commander, but also a person who, with his extensive experience and sociability, gives a special friendly stamp to&hellip;<\/p>\n<p class=\"more-link\"><a href=\"https:\/\/morski-lavovi.hr\/index.php\/en\/about-us\/\" class=\"themebutton2\">Read More<\/a><\/p>\n","protected":false},"author":1,"featured_media":0,"parent":0,"menu_order":0,"comment_status":"closed","ping_status":"closed","template":"","meta":{"footnotes":""},"yoast_head":"<!-- This site is optimized with the Yoast SEO plugin v24.5 - https:\/\/yoast.com\/wordpress\/plugins\/seo\/ -->\n<title>About us - MORSKI LAVOVI<\/title>\n<meta name=\"robots\" content=\"index, follow, max-snippet:-1, max-image-preview:large, max-video-preview:-1\" \/>\n<link rel=\"canonical\" href=\"https:\/\/morski-lavovi.hr\/index.php\/en\/about-us\/\" \/>\n<meta property=\"og:locale\" content=\"hr_HR\" \/>\n<meta property=\"og:type\" content=\"article\" \/>\n<meta property=\"og:title\" content=\"About us - MORSKI LAVOVI\" \/>\n<meta property=\"og:description\" content=\"The sea lions are Sre\u0107ko Godinovi\u0107 and his crew. Sre\u0107ko is an experienced sailor, fluent in English and Italian. Many years of experience on overseas ships, but also in sailing on the Adriatic, makes him a reliable commander, but also a person who, with his extensive experience and sociability, gives a special friendly stamp to&hellip;Read More\" \/>\n<meta property=\"og:url\" content=\"https:\/\/morski-lavovi.hr\/index.php\/en\/about-us\/\" \/>\n<meta property=\"og:site_name\" content=\"MORSKI LAVOVI\" \/>\n<meta property=\"article:modified_time\" content=\"2020-08-31T19:25:19+00:00\" \/>\n<meta property=\"og:image\" content=\"https:\/\/morski-lavovi.hr\/wp-content\/uploads\/2020\/01\/IMG_20190706_151317-768x1024.jpg\" \/>\n<meta name=\"twitter:card\" content=\"summary_large_image\" \/>\n<script type=\"application\/ld+json\" class=\"yoast-schema-graph\">{\"@context\":\"https:\/\/schema.org\",\"@graph\":[{\"@type\":\"WebPage\",\"@id\":\"https:\/\/morski-lavovi.hr\/index.php\/en\/about-us\/\",\"url\":\"https:\/\/morski-lavovi.hr\/index.php\/en\/about-us\/\",\"name\":\"About us - MORSKI LAVOVI\",\"isPartOf\":{\"@id\":\"https:\/\/morski-lavovi.hr\/#website\"},\"primaryImageOfPage\":{\"@id\":\"https:\/\/morski-lavovi.hr\/index.php\/en\/about-us\/#primaryimage\"},\"image\":{\"@id\":\"https:\/\/morski-lavovi.hr\/index.php\/en\/about-us\/#primaryimage\"},\"thumbnailUrl\":\"https:\/\/morski-lavovi.hr\/wp-content\/uploads\/2020\/01\/IMG_20190706_151317-768x1024.jpg\",\"datePublished\":\"2020-06-14T15:37:55+00:00\",\"dateModified\":\"2020-08-31T19:25:19+00:00\",\"breadcrumb\":{\"@id\":\"https:\/\/morski-lavovi.hr\/index.php\/en\/about-us\/#breadcrumb\"},\"inLanguage\":\"hr\",\"potentialAction\":[{\"@type\":\"ReadAction\",\"target\":[\"https:\/\/morski-lavovi.hr\/index.php\/en\/about-us\/\"]}]},{\"@type\":\"ImageObject\",\"inLanguage\":\"hr\",\"@id\":\"https:\/\/morski-lavovi.hr\/index.php\/en\/about-us\/#primaryimage\",\"url\":\"https:\/\/morski-lavovi.hr\/wp-content\/uploads\/2020\/01\/IMG_20190706_151317.jpg\",\"contentUrl\":\"https:\/\/morski-lavovi.hr\/wp-content\/uploads\/2020\/01\/IMG_20190706_151317.jpg\",\"width\":1920,\"height\":2560},{\"@type\":\"BreadcrumbList\",\"@id\":\"https:\/\/morski-lavovi.hr\/index.php\/en\/about-us\/#breadcrumb\",\"itemListElement\":[{\"@type\":\"ListItem\",\"position\":1,\"name\":\"Home\",\"item\":\"http:\/\/morski-lavovi.hr\/\"},{\"@type\":\"ListItem\",\"position\":2,\"name\":\"About us\"}]},{\"@type\":\"WebSite\",\"@id\":\"https:\/\/morski-lavovi.hr\/#website\",\"url\":\"https:\/\/morski-lavovi.hr\/\",\"name\":\"MORSKI LAVOVI\",\"description\":\"\",\"publisher\":{\"@id\":\"https:\/\/morski-lavovi.hr\/#organization\"},\"potentialAction\":[{\"@type\":\"SearchAction\",\"target\":{\"@type\":\"EntryPoint\",\"urlTemplate\":\"https:\/\/morski-lavovi.hr\/?s={search_term_string}\"},\"query-input\":{\"@type\":\"PropertyValueSpecification\",\"valueRequired\":true,\"valueName\":\"search_term_string\"}}],\"inLanguage\":\"hr\"},{\"@type\":\"Organization\",\"@id\":\"https:\/\/morski-lavovi.hr\/#organization\",\"name\":\"MORSKI LAVOVI\",\"url\":\"https:\/\/morski-lavovi.hr\/\",\"logo\":{\"@type\":\"ImageObject\",\"inLanguage\":\"hr\",\"@id\":\"https:\/\/morski-lavovi.hr\/#\/schema\/logo\/image\/\",\"url\":\"https:\/\/morski-lavovi.hr\/wp-content\/uploads\/2020\/01\/cropped-ml.jpg\",\"contentUrl\":\"https:\/\/morski-lavovi.hr\/wp-content\/uploads\/2020\/01\/cropped-ml.jpg\",\"width\":1006,\"height\":668,\"caption\":\"MORSKI LAVOVI\"},\"image\":{\"@id\":\"https:\/\/morski-lavovi.hr\/#\/schema\/logo\/image\/\"},\"sameAs\":[\"https:\/\/instagram.com\/speedboatsplit?igshid=5xokfa97x40x\"]}]}<\/script>\n<!-- \/ Yoast SEO plugin. -->","yoast_head_json":{"title":"About us - MORSKI LAVOVI","robots":{"index":"index","follow":"follow","max-snippet":"max-snippet:-1","max-image-preview":"max-image-preview:large","max-video-preview":"max-video-preview:-1"},"canonical":"https:\/\/morski-lavovi.hr\/index.php\/en\/about-us\/","og_locale":"hr_HR","og_type":"article","og_title":"About us - MORSKI LAVOVI","og_description":"The sea lions are Sre\u0107ko Godinovi\u0107 and his crew. Sre\u0107ko is an experienced sailor, fluent in English and Italian. Many years of experience on overseas ships, but also in sailing on the Adriatic, makes him a reliable commander, but also a person who, with his extensive experience and sociability, gives a special friendly stamp to&hellip;Read More","og_url":"https:\/\/morski-lavovi.hr\/index.php\/en\/about-us\/","og_site_name":"MORSKI LAVOVI","article_modified_time":"2020-08-31T19:25:19+00:00","og_image":[{"url":"https:\/\/morski-lavovi.hr\/wp-content\/uploads\/2020\/01\/IMG_20190706_151317-768x1024.jpg","type":"","width":"","height":""}],"twitter_card":"summary_large_image","schema":{"@context":"https:\/\/schema.org","@graph":[{"@type":"WebPage","@id":"https:\/\/morski-lavovi.hr\/index.php\/en\/about-us\/","url":"https:\/\/morski-lavovi.hr\/index.php\/en\/about-us\/","name":"About us - MORSKI LAVOVI","isPartOf":{"@id":"https:\/\/morski-lavovi.hr\/#website"},"primaryImageOfPage":{"@id":"https:\/\/morski-lavovi.hr\/index.php\/en\/about-us\/#primaryimage"},"image":{"@id":"https:\/\/morski-lavovi.hr\/index.php\/en\/about-us\/#primaryimage"},"thumbnailUrl":"https:\/\/morski-lavovi.hr\/wp-content\/uploads\/2020\/01\/IMG_20190706_151317-768x1024.jpg","datePublished":"2020-06-14T15:37:55+00:00","dateModified":"2020-08-31T19:25:19+00:00","breadcrumb":{"@id":"https:\/\/morski-lavovi.hr\/index.php\/en\/about-us\/#breadcrumb"},"inLanguage":"hr","potentialAction":[{"@type":"ReadAction","target":["https:\/\/morski-lavovi.hr\/index.php\/en\/about-us\/"]}]},{"@type":"ImageObject","inLanguage":"hr","@id":"https:\/\/morski-lavovi.hr\/index.php\/en\/about-us\/#primaryimage","url":"https:\/\/morski-lavovi.hr\/wp-content\/uploads\/2020\/01\/IMG_20190706_151317.jpg","contentUrl":"https:\/\/morski-lavovi.hr\/wp-content\/uploads\/2020\/01\/IMG_20190706_151317.jpg","width":1920,"height":2560},{"@type":"BreadcrumbList","@id":"https:\/\/morski-lavovi.hr\/index.php\/en\/about-us\/#breadcrumb","itemListElement":[{"@type":"ListItem","position":1,"name":"Home","item":"http:\/\/morski-lavovi.hr\/"},{"@type":"ListItem","position":2,"name":"About us"}]},{"@type":"WebSite","@id":"https:\/\/morski-lavovi.hr\/#website","url":"https:\/\/morski-lavovi.hr\/","name":"MORSKI LAVOVI","description":"","publisher":{"@id":"https:\/\/morski-lavovi.hr\/#organization"},"potentialAction":[{"@type":"SearchAction","target":{"@type":"EntryPoint","urlTemplate":"https:\/\/morski-lavovi.hr\/?s={search_term_string}"},"query-input":{"@type":"PropertyValueSpecification","valueRequired":true,"valueName":"search_term_string"}}],"inLanguage":"hr"},{"@type":"Organization","@id":"https:\/\/morski-lavovi.hr\/#organization","name":"MORSKI LAVOVI","url":"https:\/\/morski-lavovi.hr\/","logo":{"@type":"ImageObject","inLanguage":"hr","@id":"https:\/\/morski-lavovi.hr\/#\/schema\/logo\/image\/","url":"https:\/\/morski-lavovi.hr\/wp-content\/uploads\/2020\/01\/cropped-ml.jpg","contentUrl":"https:\/\/morski-lavovi.hr\/wp-content\/uploads\/2020\/01\/cropped-ml.jpg","width":1006,"height":668,"caption":"MORSKI LAVOVI"},"image":{"@id":"https:\/\/morski-lavovi.hr\/#\/schema\/logo\/image\/"},"sameAs":["https:\/\/instagram.com\/speedboatsplit?igshid=5xokfa97x40x"]}]}},"_links":{"self":[{"href":"https:\/\/morski-lavovi.hr\/index.php\/wp-json\/wp\/v2\/pages\/305"}],"collection":[{"href":"https:\/\/morski-lavovi.hr\/index.php\/wp-json\/wp\/v2\/pages"}],"about":[{"href":"https:\/\/morski-lavovi.hr\/index.php\/wp-json\/wp\/v2\/types\/page"}],"author":[{"embeddable":true,"href":"https:\/\/morski-lavovi.hr\/index.php\/wp-json\/wp\/v2\/users\/1"}],"replies":[{"embeddable":true,"href":"https:\/\/morski-lavovi.hr\/index.php\/wp-json\/wp\/v2\/comments?post=305"}],"version-history":[{"count":2,"href":"https:\/\/morski-lavovi.hr\/index.php\/wp-json\/wp\/v2\/pages\/305\/revisions"}],"predecessor-version":[{"id":316,"href":"https:\/\/morski-lavovi.hr\/index.php\/wp-json\/wp\/v2\/pages\/305\/revisions\/316"}],"wp:attachment":[{"href":"https:\/\/morski-lavovi.hr\/index.php\/wp-json\/wp\/v2\/media?parent=305"}],"curies":[{"name":"wp","href":"https:\/\/api.w.org\/{rel}","templated":true}]}}