{"id":37,"date":"2020-01-21T11:07:14","date_gmt":"2020-01-21T11:07:14","guid":{"rendered":"https:\/\/morski-lavovi.hr\/?page_id=37"},"modified":"2020-08-31T19:27:04","modified_gmt":"2020-08-31T19:27:04","slug":"brod","status":"publish","type":"page","link":"https:\/\/morski-lavovi.hr\/index.php\/brod\/","title":{"rendered":"BROD"},"content":{"rendered":"\n<div class=\"wp-block-group\"><div class=\"wp-block-group__inner-container is-layout-flow wp-block-group-is-layout-flow\">\n<figure class=\"wp-block-gallery alignright columns-1 is-cropped wp-block-gallery-1 is-layout-flex wp-block-gallery-is-layout-flex\"><ul class=\"blocks-gallery-grid\"><li class=\"blocks-gallery-item\"><figure><img loading=\"lazy\" decoding=\"async\" width=\"1006\" height=\"668\" src=\"https:\/\/morski-lavovi.hr\/wp-content\/uploads\/2020\/01\/ml.jpg\" alt=\"\" data-id=\"77\" data-full-url=\"https:\/\/morski-lavovi.hr\/wp-content\/uploads\/2020\/01\/ml.jpg\" data-link=\"https:\/\/morski-lavovi.hr\/ml\/\" class=\"wp-image-77\" srcset=\"https:\/\/morski-lavovi.hr\/wp-content\/uploads\/2020\/01\/ml.jpg 1006w, https:\/\/morski-lavovi.hr\/wp-content\/uploads\/2020\/01\/ml-300x199.jpg 300w, https:\/\/morski-lavovi.hr\/wp-content\/uploads\/2020\/01\/ml-768x510.jpg 768w\" sizes=\"(max-width: 1006px) 100vw, 1006px\" \/><\/figure><\/li><\/ul><\/figure>\n<\/div><\/div>\n\n\n\n<figure class=\"wp-block-image is-resized\"><img loading=\"lazy\" decoding=\"async\" src=\"https:\/\/morski-lavovi.hr\/wp-content\/uploads\/2020\/01\/1562179123550-1.jpg\" alt=\"\" class=\"wp-image-96\" width=\"586\" height=\"329\" srcset=\"https:\/\/morski-lavovi.hr\/wp-content\/uploads\/2020\/01\/1562179123550-1.jpg 400w, https:\/\/morski-lavovi.hr\/wp-content\/uploads\/2020\/01\/1562179123550-1-300x169.jpg 300w\" sizes=\"(max-width: 586px) 100vw, 586px\" \/><\/figure>\n\n\n\n<figure class=\"wp-block-gallery columns-3 is-cropped wp-block-gallery-2 is-layout-flex wp-block-gallery-is-layout-flex\"><ul class=\"blocks-gallery-grid\"><li class=\"blocks-gallery-item\"><figure><img loading=\"lazy\" decoding=\"async\" width=\"400\" height=\"225\" src=\"https:\/\/morski-lavovi.hr\/wp-content\/uploads\/2020\/01\/1560016974422.jpg\" alt=\"\" data-id=\"112\" data-full-url=\"https:\/\/morski-lavovi.hr\/wp-content\/uploads\/2020\/01\/1560016974422.jpg\" data-link=\"https:\/\/morski-lavovi.hr\/1560016974422\/\" class=\"wp-image-112\" srcset=\"https:\/\/morski-lavovi.hr\/wp-content\/uploads\/2020\/01\/1560016974422.jpg 400w, https:\/\/morski-lavovi.hr\/wp-content\/uploads\/2020\/01\/1560016974422-300x169.jpg 300w\" sizes=\"(max-width: 400px) 100vw, 400px\" \/><\/figure><\/li><li class=\"blocks-gallery-item\"><figure><img loading=\"lazy\" decoding=\"async\" width=\"400\" height=\"225\" src=\"https:\/\/morski-lavovi.hr\/wp-content\/uploads\/2020\/01\/1560016971059.jpg\" alt=\"\" data-id=\"111\" data-full-url=\"https:\/\/morski-lavovi.hr\/wp-content\/uploads\/2020\/01\/1560016971059.jpg\" data-link=\"https:\/\/morski-lavovi.hr\/1560016971059\/\" class=\"wp-image-111\" srcset=\"https:\/\/morski-lavovi.hr\/wp-content\/uploads\/2020\/01\/1560016971059.jpg 400w, https:\/\/morski-lavovi.hr\/wp-content\/uploads\/2020\/01\/1560016971059-300x169.jpg 300w\" sizes=\"(max-width: 400px) 100vw, 400px\" \/><\/figure><\/li><li class=\"blocks-gallery-item\"><figure><img loading=\"lazy\" decoding=\"async\" width=\"1024\" height=\"768\" src=\"https:\/\/morski-lavovi.hr\/wp-content\/uploads\/2020\/01\/IMG_20190706_193435-1024x768.jpg\" alt=\"\" data-id=\"97\" data-full-url=\"https:\/\/morski-lavovi.hr\/wp-content\/uploads\/2020\/01\/IMG_20190706_193435-scaled.jpg\" data-link=\"https:\/\/morski-lavovi.hr\/index.php\/about\/img_20190706_193435\/#main\" class=\"wp-image-97\" srcset=\"https:\/\/morski-lavovi.hr\/wp-content\/uploads\/2020\/01\/IMG_20190706_193435-1024x768.jpg 1024w, https:\/\/morski-lavovi.hr\/wp-content\/uploads\/2020\/01\/IMG_20190706_193435-300x225.jpg 300w, https:\/\/morski-lavovi.hr\/wp-content\/uploads\/2020\/01\/IMG_20190706_193435-768x576.jpg 768w, https:\/\/morski-lavovi.hr\/wp-content\/uploads\/2020\/01\/IMG_20190706_193435-1536x1152.jpg 1536w, https:\/\/morski-lavovi.hr\/wp-content\/uploads\/2020\/01\/IMG_20190706_193435-2048x1536.jpg 2048w\" sizes=\"(max-width: 1024px) 100vw, 1024px\" \/><\/figure><\/li><\/ul><\/figure>\n\n\n\n<p class=\"has-text-color has-background\" style=\"background-color:#8dfcfc;color:#002ea3\">Na\u0161 brod proizveden je 2018 po najsuvremenijim standardima. Motor JANMAR   370 konjskih snaga pru\u017eit \u0107e vam nezaboravno iskustvo adrenalina i brzine uz u\u017eivanje u jadranskim pejsa\u017eima. Do Visa smo za 1,5 sat. Brod je registriran za 10 putnika i posadu.<\/p>\n\n\n\n<figure class=\"wp-block-gallery columns-2 is-cropped wp-block-gallery-3 is-layout-flex wp-block-gallery-is-layout-flex\"><ul class=\"blocks-gallery-grid\"><li class=\"blocks-gallery-item\"><figure><img loading=\"lazy\" decoding=\"async\" width=\"1024\" height=\"768\" src=\"https:\/\/morski-lavovi.hr\/wp-content\/uploads\/2020\/01\/PHOTO-2020-01-23-15-30-02_2-1024x768.jpg\" alt=\"\" data-id=\"139\" data-full-url=\"https:\/\/morski-lavovi.hr\/wp-content\/uploads\/2020\/01\/PHOTO-2020-01-23-15-30-02_2.jpg\" data-link=\"https:\/\/morski-lavovi.hr\/photo-2020-01-23-15-30-02_2\/\" class=\"wp-image-139\" srcset=\"https:\/\/morski-lavovi.hr\/wp-content\/uploads\/2020\/01\/PHOTO-2020-01-23-15-30-02_2-1024x768.jpg 1024w, https:\/\/morski-lavovi.hr\/wp-content\/uploads\/2020\/01\/PHOTO-2020-01-23-15-30-02_2-300x225.jpg 300w, https:\/\/morski-lavovi.hr\/wp-content\/uploads\/2020\/01\/PHOTO-2020-01-23-15-30-02_2-768x576.jpg 768w, https:\/\/morski-lavovi.hr\/wp-content\/uploads\/2020\/01\/PHOTO-2020-01-23-15-30-02_2-1536x1152.jpg 1536w, https:\/\/morski-lavovi.hr\/wp-content\/uploads\/2020\/01\/PHOTO-2020-01-23-15-30-02_2.jpg 1600w\" sizes=\"(max-width: 1024px) 100vw, 1024px\" \/><\/figure><\/li><li class=\"blocks-gallery-item\"><figure><img loading=\"lazy\" decoding=\"async\" width=\"1024\" height=\"576\" src=\"https:\/\/morski-lavovi.hr\/wp-content\/uploads\/2020\/01\/IMG_20190722_114455-1024x576.jpg\" alt=\"\" data-id=\"114\" data-full-url=\"https:\/\/morski-lavovi.hr\/wp-content\/uploads\/2020\/01\/IMG_20190722_114455-scaled.jpg\" data-link=\"https:\/\/morski-lavovi.hr\/img_20190722_114455\/\" class=\"wp-image-114\" srcset=\"https:\/\/morski-lavovi.hr\/wp-content\/uploads\/2020\/01\/IMG_20190722_114455-1024x576.jpg 1024w, https:\/\/morski-lavovi.hr\/wp-content\/uploads\/2020\/01\/IMG_20190722_114455-300x169.jpg 300w, https:\/\/morski-lavovi.hr\/wp-content\/uploads\/2020\/01\/IMG_20190722_114455-768x432.jpg 768w, https:\/\/morski-lavovi.hr\/wp-content\/uploads\/2020\/01\/IMG_20190722_114455-1536x864.jpg 1536w, https:\/\/morski-lavovi.hr\/wp-content\/uploads\/2020\/01\/IMG_20190722_114455-2048x1152.jpg 2048w\" sizes=\"(max-width: 1024px) 100vw, 1024px\" \/><\/figure><\/li><\/ul><\/figure>\n\n\n\n<figure class=\"wp-block-gallery columns-3 is-cropped wp-block-gallery-4 is-layout-flex wp-block-gallery-is-layout-flex\"><ul class=\"blocks-gallery-grid\"><li class=\"blocks-gallery-item\"><figure><img loading=\"lazy\" decoding=\"async\" width=\"512\" height=\"288\" src=\"https:\/\/morski-lavovi.hr\/wp-content\/uploads\/2020\/01\/1563788941313.jpg\" alt=\"\" data-id=\"175\" data-full-url=\"https:\/\/morski-lavovi.hr\/wp-content\/uploads\/2020\/01\/1563788941313.jpg\" data-link=\"https:\/\/morski-lavovi.hr\/1563788941313\/\" class=\"wp-image-175\" srcset=\"https:\/\/morski-lavovi.hr\/wp-content\/uploads\/2020\/01\/1563788941313.jpg 512w, https:\/\/morski-lavovi.hr\/wp-content\/uploads\/2020\/01\/1563788941313-300x169.jpg 300w\" sizes=\"(max-width: 512px) 100vw, 512px\" \/><\/figure><\/li><li class=\"blocks-gallery-item\"><figure><img loading=\"lazy\" decoding=\"async\" width=\"400\" height=\"225\" src=\"https:\/\/morski-lavovi.hr\/wp-content\/uploads\/2020\/01\/1560016974182.jpg\" alt=\"\" data-id=\"172\" data-full-url=\"https:\/\/morski-lavovi.hr\/wp-content\/uploads\/2020\/01\/1560016974182.jpg\" data-link=\"https:\/\/morski-lavovi.hr\/1560016974182\/\" class=\"wp-image-172\" srcset=\"https:\/\/morski-lavovi.hr\/wp-content\/uploads\/2020\/01\/1560016974182.jpg 400w, https:\/\/morski-lavovi.hr\/wp-content\/uploads\/2020\/01\/1560016974182-300x169.jpg 300w\" sizes=\"(max-width: 400px) 100vw, 400px\" \/><\/figure><\/li><li class=\"blocks-gallery-item\"><figure><img loading=\"lazy\" decoding=\"async\" width=\"400\" height=\"225\" src=\"https:\/\/morski-lavovi.hr\/wp-content\/uploads\/2020\/01\/1560016974080.jpg\" alt=\"\" data-id=\"173\" data-full-url=\"https:\/\/morski-lavovi.hr\/wp-content\/uploads\/2020\/01\/1560016974080.jpg\" data-link=\"https:\/\/morski-lavovi.hr\/1560016974080\/\" class=\"wp-image-173\" srcset=\"https:\/\/morski-lavovi.hr\/wp-content\/uploads\/2020\/01\/1560016974080.jpg 400w, https:\/\/morski-lavovi.hr\/wp-content\/uploads\/2020\/01\/1560016974080-300x169.jpg 300w\" sizes=\"(max-width: 400px) 100vw, 400px\" \/><\/figure><\/li><\/ul><\/figure>\n\n\n\n<figure class=\"wp-block-gallery columns-3 is-cropped wp-block-gallery-5 is-layout-flex wp-block-gallery-is-layout-flex\"><ul class=\"blocks-gallery-grid\"><li class=\"blocks-gallery-item\"><figure><img loading=\"lazy\" decoding=\"async\" width=\"320\" height=\"240\" src=\"https:\/\/morski-lavovi.hr\/wp-content\/uploads\/2020\/01\/1533212660009.jpg\" alt=\"\" data-id=\"154\" data-link=\"https:\/\/morski-lavovi.hr\/1533212660009\/\" class=\"wp-image-154\" srcset=\"https:\/\/morski-lavovi.hr\/wp-content\/uploads\/2020\/01\/1533212660009.jpg 320w, https:\/\/morski-lavovi.hr\/wp-content\/uploads\/2020\/01\/1533212660009-300x225.jpg 300w\" sizes=\"(max-width: 320px) 100vw, 320px\" \/><\/figure><\/li><li class=\"blocks-gallery-item\"><figure><img loading=\"lazy\" decoding=\"async\" width=\"320\" height=\"240\" src=\"https:\/\/morski-lavovi.hr\/wp-content\/uploads\/2020\/01\/1534149064284.jpg\" alt=\"\" data-id=\"153\" data-link=\"https:\/\/morski-lavovi.hr\/1534149064284\/\" class=\"wp-image-153\" srcset=\"https:\/\/morski-lavovi.hr\/wp-content\/uploads\/2020\/01\/1534149064284.jpg 320w, https:\/\/morski-lavovi.hr\/wp-content\/uploads\/2020\/01\/1534149064284-300x225.jpg 300w\" sizes=\"(max-width: 320px) 100vw, 320px\" \/><\/figure><\/li><li class=\"blocks-gallery-item\"><figure><img loading=\"lazy\" decoding=\"async\" width=\"1024\" height=\"768\" src=\"https:\/\/morski-lavovi.hr\/wp-content\/uploads\/2020\/08\/20200822_175457-new-1-1024x768.jpg\" alt=\"\" data-id=\"330\" data-full-url=\"https:\/\/morski-lavovi.hr\/wp-content\/uploads\/2020\/08\/20200822_175457-new-1.jpg\" data-link=\"https:\/\/morski-lavovi.hr\/index.php\/brod\/20200822_175457-new-1\/#main\" class=\"wp-image-330\" srcset=\"https:\/\/morski-lavovi.hr\/wp-content\/uploads\/2020\/08\/20200822_175457-new-1-1024x768.jpg 1024w, https:\/\/morski-lavovi.hr\/wp-content\/uploads\/2020\/08\/20200822_175457-new-1-300x225.jpg 300w, https:\/\/morski-lavovi.hr\/wp-content\/uploads\/2020\/08\/20200822_175457-new-1-768x576.jpg 768w, https:\/\/morski-lavovi.hr\/wp-content\/uploads\/2020\/08\/20200822_175457-new-1-1536x1152.jpg 1536w, https:\/\/morski-lavovi.hr\/wp-content\/uploads\/2020\/08\/20200822_175457-new-1-2048x1536.jpg 2048w\" sizes=\"(max-width: 1024px) 100vw, 1024px\" \/><\/figure><\/li><\/ul><\/figure>\n\n\n\n<p class=\"has-text-color has-background\" style=\"background-color:#8dfcfc;color:#002ea3\">Brod je opremljen tu\u0161em sa slatkom vodom, fri\u017eiderom, opremom za spa\u0161avanje, pokretnim WC ure\u0111ajem.<\/p>\n","protected":false},"excerpt":{"rendered":"<p>Na\u0161 brod proizveden je 2018 po najsuvremenijim standardima. Motor JANMAR 370 konjskih snaga pru\u017eit \u0107e vam nezaboravno iskustvo adrenalina i brzine uz u\u017eivanje u jadranskim pejsa\u017eima. Do Visa smo za 1,5 sat. Brod je registriran za 10 putnika i posadu. Brod je opremljen tu\u0161em sa slatkom vodom, fri\u017eiderom, opremom za spa\u0161avanje, pokretnim WC ure\u0111ajem.<\/p>\n","protected":false},"author":1,"featured_media":112,"parent":0,"menu_order":0,"comment_status":"closed","ping_status":"closed","template":"","meta":{"footnotes":""},"yoast_head":"<!-- This site is optimized with the Yoast SEO plugin v24.5 - https:\/\/yoast.com\/wordpress\/plugins\/seo\/ -->\n<title>BROD - MORSKI LAVOVI<\/title>\n<meta name=\"robots\" content=\"index, follow, max-snippet:-1, max-image-preview:large, max-video-preview:-1\" \/>\n<link rel=\"canonical\" href=\"https:\/\/morski-lavovi.hr\/index.php\/brod\/\" \/>\n<meta property=\"og:locale\" content=\"hr_HR\" \/>\n<meta property=\"og:type\" content=\"article\" \/>\n<meta property=\"og:title\" content=\"BROD - MORSKI LAVOVI\" \/>\n<meta property=\"og:description\" content=\"Na\u0161 brod proizveden je 2018 po najsuvremenijim standardima. Motor JANMAR 370 konjskih snaga pru\u017eit \u0107e vam nezaboravno iskustvo adrenalina i brzine uz u\u017eivanje u jadranskim pejsa\u017eima. Do Visa smo za 1,5 sat. Brod je registriran za 10 putnika i posadu. Brod je opremljen tu\u0161em sa slatkom vodom, fri\u017eiderom, opremom za spa\u0161avanje, pokretnim WC ure\u0111ajem.\" \/>\n<meta property=\"og:url\" content=\"https:\/\/morski-lavovi.hr\/index.php\/brod\/\" \/>\n<meta property=\"og:site_name\" content=\"MORSKI LAVOVI\" \/>\n<meta property=\"article:modified_time\" content=\"2020-08-31T19:27:04+00:00\" \/>\n<meta property=\"og:image\" content=\"https:\/\/morski-lavovi.hr\/wp-content\/uploads\/2020\/01\/1560016974422.jpg\" \/>\n\t<meta property=\"og:image:width\" content=\"400\" \/>\n\t<meta property=\"og:image:height\" content=\"225\" \/>\n\t<meta property=\"og:image:type\" content=\"image\/jpeg\" \/>\n<meta name=\"twitter:card\" content=\"summary_large_image\" \/>\n<script type=\"application\/ld+json\" class=\"yoast-schema-graph\">{\"@context\":\"https:\/\/schema.org\",\"@graph\":[{\"@type\":\"WebPage\",\"@id\":\"https:\/\/morski-lavovi.hr\/index.php\/brod\/\",\"url\":\"https:\/\/morski-lavovi.hr\/index.php\/brod\/\",\"name\":\"BROD - MORSKI LAVOVI\",\"isPartOf\":{\"@id\":\"https:\/\/morski-lavovi.hr\/#website\"},\"primaryImageOfPage\":{\"@id\":\"https:\/\/morski-lavovi.hr\/index.php\/brod\/#primaryimage\"},\"image\":{\"@id\":\"https:\/\/morski-lavovi.hr\/index.php\/brod\/#primaryimage\"},\"thumbnailUrl\":\"https:\/\/morski-lavovi.hr\/wp-content\/uploads\/2020\/01\/1560016974422.jpg\",\"datePublished\":\"2020-01-21T11:07:14+00:00\",\"dateModified\":\"2020-08-31T19:27:04+00:00\",\"breadcrumb\":{\"@id\":\"https:\/\/morski-lavovi.hr\/index.php\/brod\/#breadcrumb\"},\"inLanguage\":\"hr\",\"potentialAction\":[{\"@type\":\"ReadAction\",\"target\":[\"https:\/\/morski-lavovi.hr\/index.php\/brod\/\"]}]},{\"@type\":\"ImageObject\",\"inLanguage\":\"hr\",\"@id\":\"https:\/\/morski-lavovi.hr\/index.php\/brod\/#primaryimage\",\"url\":\"https:\/\/morski-lavovi.hr\/wp-content\/uploads\/2020\/01\/1560016974422.jpg\",\"contentUrl\":\"https:\/\/morski-lavovi.hr\/wp-content\/uploads\/2020\/01\/1560016974422.jpg\",\"width\":400,\"height\":225},{\"@type\":\"BreadcrumbList\",\"@id\":\"https:\/\/morski-lavovi.hr\/index.php\/brod\/#breadcrumb\",\"itemListElement\":[{\"@type\":\"ListItem\",\"position\":1,\"name\":\"Home\",\"item\":\"http:\/\/morski-lavovi.hr\/\"},{\"@type\":\"ListItem\",\"position\":2,\"name\":\"BROD\"}]},{\"@type\":\"WebSite\",\"@id\":\"https:\/\/morski-lavovi.hr\/#website\",\"url\":\"https:\/\/morski-lavovi.hr\/\",\"name\":\"MORSKI LAVOVI\",\"description\":\"\",\"publisher\":{\"@id\":\"https:\/\/morski-lavovi.hr\/#organization\"},\"potentialAction\":[{\"@type\":\"SearchAction\",\"target\":{\"@type\":\"EntryPoint\",\"urlTemplate\":\"https:\/\/morski-lavovi.hr\/?s={search_term_string}\"},\"query-input\":{\"@type\":\"PropertyValueSpecification\",\"valueRequired\":true,\"valueName\":\"search_term_string\"}}],\"inLanguage\":\"hr\"},{\"@type\":\"Organization\",\"@id\":\"https:\/\/morski-lavovi.hr\/#organization\",\"name\":\"MORSKI LAVOVI\",\"url\":\"https:\/\/morski-lavovi.hr\/\",\"logo\":{\"@type\":\"ImageObject\",\"inLanguage\":\"hr\",\"@id\":\"https:\/\/morski-lavovi.hr\/#\/schema\/logo\/image\/\",\"url\":\"https:\/\/morski-lavovi.hr\/wp-content\/uploads\/2020\/01\/cropped-ml.jpg\",\"contentUrl\":\"https:\/\/morski-lavovi.hr\/wp-content\/uploads\/2020\/01\/cropped-ml.jpg\",\"width\":1006,\"height\":668,\"caption\":\"MORSKI LAVOVI\"},\"image\":{\"@id\":\"https:\/\/morski-lavovi.hr\/#\/schema\/logo\/image\/\"},\"sameAs\":[\"https:\/\/instagram.com\/speedboatsplit?igshid=5xokfa97x40x\"]}]}<\/script>\n<!-- \/ Yoast SEO plugin. -->","yoast_head_json":{"title":"BROD - MORSKI LAVOVI","robots":{"index":"index","follow":"follow","max-snippet":"max-snippet:-1","max-image-preview":"max-image-preview:large","max-video-preview":"max-video-preview:-1"},"canonical":"https:\/\/morski-lavovi.hr\/index.php\/brod\/","og_locale":"hr_HR","og_type":"article","og_title":"BROD - MORSKI LAVOVI","og_description":"Na\u0161 brod proizveden je 2018 po najsuvremenijim standardima. Motor JANMAR 370 konjskih snaga pru\u017eit \u0107e vam nezaboravno iskustvo adrenalina i brzine uz u\u017eivanje u jadranskim pejsa\u017eima. Do Visa smo za 1,5 sat. Brod je registriran za 10 putnika i posadu. Brod je opremljen tu\u0161em sa slatkom vodom, fri\u017eiderom, opremom za spa\u0161avanje, pokretnim WC ure\u0111ajem.","og_url":"https:\/\/morski-lavovi.hr\/index.php\/brod\/","og_site_name":"MORSKI LAVOVI","article_modified_time":"2020-08-31T19:27:04+00:00","og_image":[{"width":400,"height":225,"url":"https:\/\/morski-lavovi.hr\/wp-content\/uploads\/2020\/01\/1560016974422.jpg","type":"image\/jpeg"}],"twitter_card":"summary_large_image","schema":{"@context":"https:\/\/schema.org","@graph":[{"@type":"WebPage","@id":"https:\/\/morski-lavovi.hr\/index.php\/brod\/","url":"https:\/\/morski-lavovi.hr\/index.php\/brod\/","name":"BROD - MORSKI LAVOVI","isPartOf":{"@id":"https:\/\/morski-lavovi.hr\/#website"},"primaryImageOfPage":{"@id":"https:\/\/morski-lavovi.hr\/index.php\/brod\/#primaryimage"},"image":{"@id":"https:\/\/morski-lavovi.hr\/index.php\/brod\/#primaryimage"},"thumbnailUrl":"https:\/\/morski-lavovi.hr\/wp-content\/uploads\/2020\/01\/1560016974422.jpg","datePublished":"2020-01-21T11:07:14+00:00","dateModified":"2020-08-31T19:27:04+00:00","breadcrumb":{"@id":"https:\/\/morski-lavovi.hr\/index.php\/brod\/#breadcrumb"},"inLanguage":"hr","potentialAction":[{"@type":"ReadAction","target":["https:\/\/morski-lavovi.hr\/index.php\/brod\/"]}]},{"@type":"ImageObject","inLanguage":"hr","@id":"https:\/\/morski-lavovi.hr\/index.php\/brod\/#primaryimage","url":"https:\/\/morski-lavovi.hr\/wp-content\/uploads\/2020\/01\/1560016974422.jpg","contentUrl":"https:\/\/morski-lavovi.hr\/wp-content\/uploads\/2020\/01\/1560016974422.jpg","width":400,"height":225},{"@type":"BreadcrumbList","@id":"https:\/\/morski-lavovi.hr\/index.php\/brod\/#breadcrumb","itemListElement":[{"@type":"ListItem","position":1,"name":"Home","item":"http:\/\/morski-lavovi.hr\/"},{"@type":"ListItem","position":2,"name":"BROD"}]},{"@type":"WebSite","@id":"https:\/\/morski-lavovi.hr\/#website","url":"https:\/\/morski-lavovi.hr\/","name":"MORSKI LAVOVI","description":"","publisher":{"@id":"https:\/\/morski-lavovi.hr\/#organization"},"potentialAction":[{"@type":"SearchAction","target":{"@type":"EntryPoint","urlTemplate":"https:\/\/morski-lavovi.hr\/?s={search_term_string}"},"query-input":{"@type":"PropertyValueSpecification","valueRequired":true,"valueName":"search_term_string"}}],"inLanguage":"hr"},{"@type":"Organization","@id":"https:\/\/morski-lavovi.hr\/#organization","name":"MORSKI LAVOVI","url":"https:\/\/morski-lavovi.hr\/","logo":{"@type":"ImageObject","inLanguage":"hr","@id":"https:\/\/morski-lavovi.hr\/#\/schema\/logo\/image\/","url":"https:\/\/morski-lavovi.hr\/wp-content\/uploads\/2020\/01\/cropped-ml.jpg","contentUrl":"https:\/\/morski-lavovi.hr\/wp-content\/uploads\/2020\/01\/cropped-ml.jpg","width":1006,"height":668,"caption":"MORSKI LAVOVI"},"image":{"@id":"https:\/\/morski-lavovi.hr\/#\/schema\/logo\/image\/"},"sameAs":["https:\/\/instagram.com\/speedboatsplit?igshid=5xokfa97x40x"]}]}},"_links":{"self":[{"href":"https:\/\/morski-lavovi.hr\/index.php\/wp-json\/wp\/v2\/pages\/37"}],"collection":[{"href":"https:\/\/morski-lavovi.hr\/index.php\/wp-json\/wp\/v2\/pages"}],"about":[{"href":"https:\/\/morski-lavovi.hr\/index.php\/wp-json\/wp\/v2\/types\/page"}],"author":[{"embeddable":true,"href":"https:\/\/morski-lavovi.hr\/index.php\/wp-json\/wp\/v2\/users\/1"}],"replies":[{"embeddable":true,"href":"https:\/\/morski-lavovi.hr\/index.php\/wp-json\/wp\/v2\/comments?post=37"}],"version-history":[{"count":22,"href":"https:\/\/morski-lavovi.hr\/index.php\/wp-json\/wp\/v2\/pages\/37\/revisions"}],"predecessor-version":[{"id":332,"href":"https:\/\/morski-lavovi.hr\/index.php\/wp-json\/wp\/v2\/pages\/37\/revisions\/332"}],"wp:featuredmedia":[{"embeddable":true,"href":"https:\/\/morski-lavovi.hr\/index.php\/wp-json\/wp\/v2\/media\/112"}],"wp:attachment":[{"href":"https:\/\/morski-lavovi.hr\/index.php\/wp-json\/wp\/v2\/media?parent=37"}],"curies":[{"name":"wp","href":"https:\/\/api.w.org\/{rel}","templated":true}]}}